{"id":284,"date":"2015-07-20T08:59:11","date_gmt":"2015-07-20T08:59:11","guid":{"rendered":"http:\/\/demo.themegrill.com\/himalayas\/?page_id=4"},"modified":"2020-09-01T14:11:17","modified_gmt":"2020-09-01T14:11:17","slug":"ceramica-en-8-milimetros","status":"publish","type":"page","link":"https:\/\/www.vaprodcine.com\/index.php\/ceramica-en-8-milimetros\/","title":{"rendered":"CER\u00c1MICA en 8 MIL\u00cdMETROS"},"content":{"rendered":"<p>VaProd es una productora cinematogr\u00e1fica valenciana especializada en cine de cer\u00e1mica<\/p>\n\n\n<p><\/p>\n","protected":false},"excerpt":{"rendered":"<p>VaProd es una productora cinematogr\u00e1fica valenciana especializada en cine de cer\u00e1mica<\/p>\n","protected":false},"author":2,"featured_media":411,"parent":0,"menu_order":0,"comment_status":"closed","ping_status":"closed","template":"","meta":{"footnotes":""},"class_list":["post-284","page","type-page","status-publish","has-post-thumbnail","hentry"],"_links":{"self":[{"href":"https:\/\/www.vaprodcine.com\/index.php\/wp-json\/wp\/v2\/pages\/284","targetHints":{"allow":["GET"]}}],"collection":[{"href":"https:\/\/www.vaprodcine.com\/index.php\/wp-json\/wp\/v2\/pages"}],"about":[{"href":"https:\/\/www.vaprodcine.com\/index.php\/wp-json\/wp\/v2\/types\/page"}],"author":[{"embeddable":true,"href":"https:\/\/www.vaprodcine.com\/index.php\/wp-json\/wp\/v2\/users\/2"}],"replies":[{"embeddable":true,"href":"https:\/\/www.vaprodcine.com\/index.php\/wp-json\/wp\/v2\/comments?post=284"}],"version-history":[{"count":4,"href":"https:\/\/www.vaprodcine.com\/index.php\/wp-json\/wp\/v2\/pages\/284\/revisions"}],"predecessor-version":[{"id":506,"href":"https:\/\/www.vaprodcine.com\/index.php\/wp-json\/wp\/v2\/pages\/284\/revisions\/506"}],"wp:featuredmedia":[{"embeddable":true,"href":"https:\/\/www.vaprodcine.com\/index.php\/wp-json\/wp\/v2\/media\/411"}],"wp:attachment":[{"href":"https:\/\/www.vaprodcine.com\/index.php\/wp-json\/wp\/v2\/media?parent=284"}],"curies":[{"name":"wp","href":"https:\/\/api.w.org\/{rel}","templated":true}]}}