{"id":152,"date":"2015-07-21T12:25:49","date_gmt":"2015-07-21T12:25:49","guid":{"rendered":"http:\/\/demo.themegrill.com\/himalayas\/?page_id=152"},"modified":"2020-08-31T20:39:23","modified_gmt":"2020-08-31T20:39:23","slug":"sobre-nosotros","status":"publish","type":"page","link":"https:\/\/www.vaprodcine.com\/index.php\/sobre-nosotros\/","title":{"rendered":"Sobre nosotros"},"content":{"rendered":"<p>En Valencia, la productora cinematogr\u00e1fica VaProd viene realizando pel\u00edculas sobre cer\u00e1mica desde hace varios a\u00f1os. Formada por un peque\u00f1o equipo multidisciplinar aglutinado alrededor de la escultora cer\u00e1mica Rafaela Pareja, la productora incluye en la actualidad a Ismael L\u00f3pez , Melany P\u00e9rez Schlothmann, Javier Marina y Carlos Garc\u00eda Aranda, y en el pasado ha contado igualmente con Luis H. Pardo. Sus pel\u00edculas giran en torno a dos grandes ejes, uno de tipo documental que se centra principalmente en el retrato de artista, y otro que podr\u00eda definirse como de ensayo po\u00e9tico.<\/p>\n<p>Dentro de esta segunda categor\u00eda, su filmograf\u00eda comprende: <em>La vasija <\/em>(Premio del P\u00fablico en el festival internacional FIFMA de Par\u00eds, 2016), cortometraje intimista que ahonda en la dimensi\u00f3n emocional de la vasija como construcci\u00f3n vital y recept\u00e1culo para la psique; <em>Lutum Alium<\/em> (2018), un mediometraje que se sirve del lenguaje de la danza contempor\u00e1nea para indagar en los retos del proceso creativo, y <em>Watering Bowl<\/em> (2019), otro mediometraje que rinde tributo al cuenco como forma cer\u00e1mica ancestral y primaria, realizado en la ciudad china de Jingdezhen (cuna de la porcelana) gracias al apoyo institucional de Taoxichuan, con sede en dicha ciudad, pel\u00edcula que tambi\u00e9n ha sido seleccionada para el FIFMA 2020 (la edici\u00f3n ha sido aplazada a 2021 por el coronavirus). En cuanto al retrato de autor, la cinta <em>Enric Mestre, la impronta del paisaje<\/em> (2021) fue estrenada en enero de este a\u00f1o en Alboraya (Valencia) en un acto que cont\u00f3 con la asistencia del propio Mestre y que se convirti\u00f3 en un emotivo homenaje a este artista valenciano. En la actualidad, VaProd est\u00e1 realizando otro retrato de autor sobre el escultor catal\u00e1n Claudi Casanovas.<\/p>\n<p>El objetivo de este colectivo consiste en ir m\u00e1s all\u00e1 del mero testimonio visual y servirse plenamente del lenguaje cinematogr\u00e1fico para llevar el conocimiento y la apreciaci\u00f3n de la cer\u00e1mica a p\u00fablicos no necesariamente relacionados con el mundo de la arcilla. En un futuro pr\u00f3ximo sus pel\u00edculas podr\u00e1n visionarse en Vimeo: <a href=\"https:\/\/vimeo.com\/ondemand\/lavasija\">https:\/\/vimeo.com\/ondemand\/lavasija<\/a><\/p>\n","protected":false},"excerpt":{"rendered":"<p>En Valencia, la productora cinematogr\u00e1fica VaProd viene realizando pel\u00edculas sobre cer\u00e1mica desde hace varios a\u00f1os. Formada por un peque\u00f1o equipo multidisciplinar aglutinado alrededor de la escultora cer\u00e1mica Rafaela Pareja, la productora incluye en la actualidad a Ismael L\u00f3pez , Melany P\u00e9rez Schlothmann, Javier Marina y Carlos Garc\u00eda Aranda, y en el pasado ha contado igualmente con Luis H. Pardo. Sus pel\u00edculas giran en torno a dos grandes ejes, uno de tipo documental que se centra principalmente en el retrato de artista, y otro que podr\u00eda definirse como de ensayo po\u00e9tico.<\/p>\n","protected":false},"author":2,"featured_media":0,"parent":0,"menu_order":0,"comment_status":"closed","ping_status":"closed","template":"","meta":{"footnotes":""},"class_list":["post-152","page","type-page","status-publish","hentry"],"_links":{"self":[{"href":"https:\/\/www.vaprodcine.com\/index.php\/wp-json\/wp\/v2\/pages\/152","targetHints":{"allow":["GET"]}}],"collection":[{"href":"https:\/\/www.vaprodcine.com\/index.php\/wp-json\/wp\/v2\/pages"}],"about":[{"href":"https:\/\/www.vaprodcine.com\/index.php\/wp-json\/wp\/v2\/types\/page"}],"author":[{"embeddable":true,"href":"https:\/\/www.vaprodcine.com\/index.php\/wp-json\/wp\/v2\/users\/2"}],"replies":[{"embeddable":true,"href":"https:\/\/www.vaprodcine.com\/index.php\/wp-json\/wp\/v2\/comments?post=152"}],"version-history":[{"count":4,"href":"https:\/\/www.vaprodcine.com\/index.php\/wp-json\/wp\/v2\/pages\/152\/revisions"}],"predecessor-version":[{"id":485,"href":"https:\/\/www.vaprodcine.com\/index.php\/wp-json\/wp\/v2\/pages\/152\/revisions\/485"}],"wp:attachment":[{"href":"https:\/\/www.vaprodcine.com\/index.php\/wp-json\/wp\/v2\/media?parent=152"}],"curies":[{"name":"wp","href":"https:\/\/api.w.org\/{rel}","templated":true}]}}