{"id":108,"date":"2015-07-21T09:47:12","date_gmt":"2015-07-21T09:47:12","guid":{"rendered":"http:\/\/demo.themegrill.com\/himalayas\/?page_id=108"},"modified":"2020-09-04T18:57:55","modified_gmt":"2020-09-04T18:57:55","slug":"enric-mestre-impronta-paisaje","status":"publish","type":"page","link":"https:\/\/www.vaprodcine.com\/index.php\/enric-mestre-impronta-paisaje\/","title":{"rendered":"Enric Mestre, la impronta del paisaje"},"content":{"rendered":"\n<div style=\"height:20px\" aria-hidden=\"true\" class=\"wp-block-spacer\"><\/div>\n\n\n<p><iframe loading=\"lazy\" src=\"https:\/\/www.youtube.com\/embed\/WHBT85tG-7g\" width=\"1200\" height=\"600\" frameborder=\"0\" allowfullscreen=\"allowfullscreen\"><\/iframe><\/p>\n<h4>Sinopsis<\/h4>\n<p>La impronta del paisaje, es un documental que analiza la obra del artista Enrique Mestre a trav\u00e9s del comentario del cr\u00edtico de arte Rom\u00e1n de la Calle, y que muestra la huella que deja el paisaje de Alboraya en la obra escult\u00f3rica y pict\u00f3rica de Enrique Mestre.<\/p>\n\n\n<div style=\"height:20px\" aria-hidden=\"true\" class=\"wp-block-spacer\"><\/div>\n\n\n\n<hr class=\"wp-block-separator\"\/>\n\n\n\n<div style=\"height:20px\" aria-hidden=\"true\" class=\"wp-block-spacer\"><\/div>\n\n\n\n<h4 class=\"wp-block-heading\">Ficha T\u00e9cnica<\/h4>\n\n\n\n<div class=\"wp-block-columns is-layout-flex wp-container-core-columns-is-layout-9d6595d7 wp-block-columns-is-layout-flex\">\n<div class=\"wp-block-column is-layout-flow wp-block-column-is-layout-flow\">\n<p><strong>T\u00edtulo:<\/strong>\u00a0 ENRIC MESTRE, LA IMPRONTA DEL PAISAJE<br><strong>A\u00f1o de producci\u00f3n: <\/strong>2019<br><strong>Duraci\u00f3n:<\/strong> 31\u201943\u201d\u2019<br><strong>Color: <\/strong>COLOR<br><strong>Formato de producci\u00f3n: <\/strong>FULL HD<br><strong>Idioma: <\/strong>ESPA\u00d1OL<br><strong>Subt\u00edtulos:<\/strong> INGL\u00c9S<br><strong>G\u00e9nero<\/strong>: DOCUMENTAL ART\u00cdSTICO, RETRATO DE ARTISTA<br><strong>Direcci\u00f3n: <\/strong>LUIS H.PARDO,ISMAEL LOPEZ Y RAFAELA PAREJA<br><strong>Productora:<\/strong> VAPROD<\/br>\nCoproducido con el Ayuntamiento de Alboraya<br><\/p>\n<\/div>\n\n\n\n<div class=\"wp-block-column is-layout-flow wp-block-column-is-layout-flow\">\n<p><strong>Producci\u00f3n: <\/strong>MELANY PEREZ SCHOLTHMAN Y CARLOS GARCIA ARANDA<strong><br>Guion:<\/strong> RAFAELA PAREJA RIBERA<strong><br>Postproducci\u00f3n: <\/strong>NOLICH<br><strong>M\u00fasica:<\/strong> ARTLIST LIBRARY<br><strong>Sonido: <\/strong>ESTEREO<br><strong>Sonido directo: <\/strong>CARLOS GARCIA ARANDA<br><strong>Postproducci\u00f3n de sonido:<\/strong> MARIO DE JUAN <br><strong>Edici\u00f3n: <\/strong>MARIO DE JUAN Y ERNESTO ARNAL<br><strong>Direcci\u00f3n art\u00edstica: <\/strong>JAVIER MARINA ALDEA<br><strong>Con la participaci\u00f3n de: <\/strong>ENRIQUE MESTRE, JUAN ORT\u00cd, BIBIANA MART\u00cdNEZ ,VICENTE DIEZ, XAVIER MONSALVATJE Y ROM\u00c1N DE LA CALLE<\/p>\n<\/div>\n<\/div>\n\n\n\n<hr class=\"wp-block-separator\"\/>\n\n\n\n<div style=\"height:30px\" aria-hidden=\"true\" class=\"wp-block-spacer\"><\/div>\n\n\n\n<div class=\"wp-block-group\"><div class=\"wp-block-group__inner-container is-layout-flow wp-block-group-is-layout-flow\">\n<figure class=\"wp-block-gallery columns-2 is-cropped wp-block-gallery-1 is-layout-flex wp-block-gallery-is-layout-flex\"><ul class=\"blocks-gallery-grid\"><li class=\"blocks-gallery-item\"><figure><a href=\"https:\/\/www.vaprodcine.com\/wp-content\/uploads\/2020\/08\/L-EMPRETA-DEL-PAISATGE.jpg\"><img loading=\"lazy\" decoding=\"async\" width=\"800\" height=\"533\" src=\"https:\/\/www.vaprodcine.com\/wp-content\/uploads\/2020\/08\/L-EMPRETA-DEL-PAISATGE.jpg\" alt=\"\" data-id=\"458\" data-full-url=\"https:\/\/www.vaprodcine.com\/wp-content\/uploads\/2020\/08\/L-EMPRETA-DEL-PAISATGE.jpg\" data-link=\"https:\/\/www.vaprodcine.com\/index.php\/enric-mestre-impronta-paisaje\/l-empreta-del-paisatge\/\" class=\"wp-image-458\" srcset=\"https:\/\/www.vaprodcine.com\/wp-content\/uploads\/2020\/08\/L-EMPRETA-DEL-PAISATGE.jpg 800w, https:\/\/www.vaprodcine.com\/wp-content\/uploads\/2020\/08\/L-EMPRETA-DEL-PAISATGE-300x200.jpg 300w, https:\/\/www.vaprodcine.com\/wp-content\/uploads\/2020\/08\/L-EMPRETA-DEL-PAISATGE-768x512.jpg 768w\" sizes=\"auto, (max-width: 800px) 100vw, 800px\" \/><\/a><\/figure><\/li><li class=\"blocks-gallery-item\"><figure><a href=\"https:\/\/www.vaprodcine.com\/wp-content\/uploads\/2020\/08\/L-EMPRETA-DEL-PAISATGE2.jpg\"><img loading=\"lazy\" decoding=\"async\" width=\"800\" height=\"533\" src=\"https:\/\/www.vaprodcine.com\/wp-content\/uploads\/2020\/08\/L-EMPRETA-DEL-PAISATGE2.jpg\" alt=\"\" data-id=\"459\" data-full-url=\"https:\/\/www.vaprodcine.com\/wp-content\/uploads\/2020\/08\/L-EMPRETA-DEL-PAISATGE2.jpg\" data-link=\"https:\/\/www.vaprodcine.com\/index.php\/enric-mestre-impronta-paisaje\/l-empreta-del-paisatge2\/\" class=\"wp-image-459\" srcset=\"https:\/\/www.vaprodcine.com\/wp-content\/uploads\/2020\/08\/L-EMPRETA-DEL-PAISATGE2.jpg 800w, https:\/\/www.vaprodcine.com\/wp-content\/uploads\/2020\/08\/L-EMPRETA-DEL-PAISATGE2-300x200.jpg 300w, https:\/\/www.vaprodcine.com\/wp-content\/uploads\/2020\/08\/L-EMPRETA-DEL-PAISATGE2-768x512.jpg 768w\" sizes=\"auto, (max-width: 800px) 100vw, 800px\" \/><\/a><\/figure><\/li><\/ul><\/figure>\n\n\n\n<p><\/p>\n<\/div><\/div>\n\n\n\n<p><\/p>\n","protected":false},"excerpt":{"rendered":"<p>Sinopsis La impronta del paisaje, es un documental que analiza la obra del artista Enrique Mestre a trav\u00e9s del comentario del cr\u00edtico de arte Rom\u00e1n<\/p>\n","protected":false},"author":2,"featured_media":423,"parent":0,"menu_order":0,"comment_status":"closed","ping_status":"closed","template":"page-templates\/template-portfolio.php","meta":{"footnotes":""},"class_list":["post-108","page","type-page","status-publish","has-post-thumbnail","hentry"],"_links":{"self":[{"href":"https:\/\/www.vaprodcine.com\/index.php\/wp-json\/wp\/v2\/pages\/108","targetHints":{"allow":["GET"]}}],"collection":[{"href":"https:\/\/www.vaprodcine.com\/index.php\/wp-json\/wp\/v2\/pages"}],"about":[{"href":"https:\/\/www.vaprodcine.com\/index.php\/wp-json\/wp\/v2\/types\/page"}],"author":[{"embeddable":true,"href":"https:\/\/www.vaprodcine.com\/index.php\/wp-json\/wp\/v2\/users\/2"}],"replies":[{"embeddable":true,"href":"https:\/\/www.vaprodcine.com\/index.php\/wp-json\/wp\/v2\/comments?post=108"}],"version-history":[{"count":9,"href":"https:\/\/www.vaprodcine.com\/index.php\/wp-json\/wp\/v2\/pages\/108\/revisions"}],"predecessor-version":[{"id":512,"href":"https:\/\/www.vaprodcine.com\/index.php\/wp-json\/wp\/v2\/pages\/108\/revisions\/512"}],"wp:featuredmedia":[{"embeddable":true,"href":"https:\/\/www.vaprodcine.com\/index.php\/wp-json\/wp\/v2\/media\/423"}],"wp:attachment":[{"href":"https:\/\/www.vaprodcine.com\/index.php\/wp-json\/wp\/v2\/media?parent=108"}],"curies":[{"name":"wp","href":"https:\/\/api.w.org\/{rel}","templated":true}]}}