{"id":106,"date":"2015-07-21T09:47:03","date_gmt":"2015-07-21T09:47:03","guid":{"rendered":"http:\/\/demo.themegrill.com\/himalayas\/?page_id=106"},"modified":"2020-09-04T19:09:30","modified_gmt":"2020-09-04T19:09:30","slug":"watering-bowl","status":"publish","type":"page","link":"https:\/\/www.vaprodcine.com\/index.php\/watering-bowl\/","title":{"rendered":"The watering bowl"},"content":{"rendered":"\n<div style=\"height:20px\" aria-hidden=\"true\" class=\"wp-block-spacer\"><\/div>\n\n\n<p><iframe loading=\"lazy\" src=\"https:\/\/www.youtube.com\/embed\/2JOkqMmGJfk\" width=\"1200\" height=\"675\" frameborder=\"0\" allowfullscreen=\"allowfullscreen\"><\/iframe><\/p>\n<h4>Sinopsis<\/h4>\n<p>El cuenco es una de las formas m\u00e1s simples y primarias que los ceramistas vienen produciendo desde la prehistoria hasta la actualidad. Esta pel\u00edcula rinde homenaje al cuenco y a sus m\u00faltiples realizaciones a manos de artistas, artesanos y estudiantes en la ciudad China de Jingdezhen, cuna mundial de la porcelana, y explora de modo po\u00e9tico, visual y narrativo la dimensi\u00f3n simb\u00f3lica del cuenco como recipiente para contener y transmitir el conocimiento humano a lo largo de los siglos.<\/p>\n\n\n<div style=\"height:20px\" aria-hidden=\"true\" class=\"wp-block-spacer\"><\/div>\n\n\n\n<hr class=\"wp-block-separator\"\/>\n\n\n\n<div style=\"height:20px\" aria-hidden=\"true\" class=\"wp-block-spacer\"><\/div>\n\n\n\n<h4 class=\"wp-block-heading\">Ficha T\u00e9cnica<\/h4>\n\n\n\n<div class=\"wp-block-columns is-layout-flex wp-container-core-columns-is-layout-9d6595d7 wp-block-columns-is-layout-flex\">\n<div class=\"wp-block-column is-layout-flow wp-block-column-is-layout-flow\">\n<p><strong>T\u00edtulo:<\/strong>&nbsp; WATERING BOLW<br><strong>A\u00f1o de producci\u00f3n: <\/strong>2019<br><strong>Duraci\u00f3n:<\/strong> 29\u201925\u201d<br><strong>Color: <\/strong>COLOR<br><strong>Formato de producci\u00f3n: <\/strong>FULL HD<br><strong>Idioma: <\/strong>ESPA\u00d1OL<br><strong>Subt\u00edtulos:<\/strong> INGL\u00c9S<br><strong>G\u00e9nero<\/strong>: DOCUMENTAL ART\u00cdSTICO<br><strong>Direcci\u00f3n: <\/strong>ISMAEL LOPEZ,MELANY PEREZ<br><strong>Productora:<\/strong> VAPROD<br><strong>Producci\u00f3n: <\/strong>CARLOS GARCIA ARADA Y RAFAELA PAREJA <br><strong>Coproducci\u00f3n:<\/strong> TAN HONGYU Y TAOXICHUAN JINDEZHEN. JAEA<br><strong>Guion:<\/strong> RAFAELA PAREJA RIBERA Y MACARENA MOMP\u00d3<\/p>\n<\/div>\n\n\n\n<div class=\"wp-block-column is-layout-flow wp-block-column-is-layout-flow\">\n<p><strong>Jefa de producci\u00f3n:<\/strong> MELANY PEREZ SCHOLTHMANN<br><strong>M\u00fasica:<\/strong> MELANY PEREZ SCHOLTHMANN <br><strong>Voz y texto: <\/strong>CARLOS GARCIA ARANDA<br><strong>Sonido: <\/strong>ESTEREO<br><strong>Sonido directo: <\/strong>FILIPO OLIVIERI<br><strong>Postproducci\u00f3n de sonido:<\/strong> CARLOS GARCIA ARANDA<br><strong>Edici\u00f3n: <\/strong>ISMAEL LOPEZ,JAVIER MARINA Y MELANY PEREZ SCHOLTHMANN<br><strong>Efectos especiales: <\/strong>CARLOS GARCIA ARADA<br><strong>Direcci\u00f3n art\u00edstica: <\/strong>JAVIER MARINA ALDEA<br><strong>Con la participaci\u00f3n de : <\/strong>CUIYU SUN, CAOLIN ANONIMUS CRAFTSMAN, JACKSON LI, WANG XIAO HUA, CHENG JINSHUI, DAI MAO LIN, DAI ZEN, TAN HONGYU, TAKESHI YASUDA, RYAN LABAR, KIM YOUNG SOO,XIANG DA, SHI YUE, ROBERT OCEAN, ZENG PEN.<\/p>\n<\/div>\n<\/div>\n\n\n\n<hr class=\"wp-block-separator\"\/>\n\n\n\n<div style=\"height:20px\" aria-hidden=\"true\" class=\"wp-block-spacer\"><\/div>\n\n\n\n<div class=\"wp-block-group\"><div class=\"wp-block-group__inner-container is-layout-flow wp-block-group-is-layout-flow\">\n<figure class=\"wp-block-gallery columns-2 is-cropped wp-block-gallery-1 is-layout-flex wp-block-gallery-is-layout-flex\"><ul class=\"blocks-gallery-grid\"><li class=\"blocks-gallery-item\"><figure><img loading=\"lazy\" decoding=\"async\" width=\"800\" height=\"533\" src=\"https:\/\/www.vaprodcine.com\/wp-content\/uploads\/2020\/08\/watering-bowl2.jpg\" alt=\"\" data-id=\"467\" data-full-url=\"https:\/\/www.vaprodcine.com\/wp-content\/uploads\/2020\/08\/watering-bowl2.jpg\" data-link=\"https:\/\/www.vaprodcine.com\/index.php\/watering-bowl\/watering-bowl2\/\" class=\"wp-image-467\" srcset=\"https:\/\/www.vaprodcine.com\/wp-content\/uploads\/2020\/08\/watering-bowl2.jpg 800w, https:\/\/www.vaprodcine.com\/wp-content\/uploads\/2020\/08\/watering-bowl2-300x200.jpg 300w, https:\/\/www.vaprodcine.com\/wp-content\/uploads\/2020\/08\/watering-bowl2-768x512.jpg 768w\" sizes=\"auto, (max-width: 800px) 100vw, 800px\" \/><\/figure><\/li><li class=\"blocks-gallery-item\"><figure><img loading=\"lazy\" decoding=\"async\" width=\"800\" height=\"534\" src=\"https:\/\/www.vaprodcine.com\/wp-content\/uploads\/2020\/08\/watering-bowl1.jpg\" alt=\"\" data-id=\"466\" data-full-url=\"https:\/\/www.vaprodcine.com\/wp-content\/uploads\/2020\/08\/watering-bowl1.jpg\" data-link=\"https:\/\/www.vaprodcine.com\/index.php\/watering-bowl\/watering-bowl1\/\" class=\"wp-image-466\" srcset=\"https:\/\/www.vaprodcine.com\/wp-content\/uploads\/2020\/08\/watering-bowl1.jpg 800w, https:\/\/www.vaprodcine.com\/wp-content\/uploads\/2020\/08\/watering-bowl1-300x200.jpg 300w, https:\/\/www.vaprodcine.com\/wp-content\/uploads\/2020\/08\/watering-bowl1-768x513.jpg 768w\" sizes=\"auto, (max-width: 800px) 100vw, 800px\" \/><\/figure><\/li><\/ul><\/figure>\n\n\n\n<p><\/p>\n<\/div><\/div>\n\n\n\n<p><\/p>\n","protected":false},"excerpt":{"rendered":"<p>Sinopsis El cuenco es una de las formas m\u00e1s simples y primarias que los ceramistas vienen produciendo desde la prehistoria hasta la actualidad. Esta pel\u00edcula<\/p>\n","protected":false},"author":2,"featured_media":426,"parent":0,"menu_order":0,"comment_status":"closed","ping_status":"closed","template":"page-templates\/template-portfolio.php","meta":{"footnotes":""},"class_list":["post-106","page","type-page","status-publish","has-post-thumbnail","hentry"],"_links":{"self":[{"href":"https:\/\/www.vaprodcine.com\/index.php\/wp-json\/wp\/v2\/pages\/106","targetHints":{"allow":["GET"]}}],"collection":[{"href":"https:\/\/www.vaprodcine.com\/index.php\/wp-json\/wp\/v2\/pages"}],"about":[{"href":"https:\/\/www.vaprodcine.com\/index.php\/wp-json\/wp\/v2\/types\/page"}],"author":[{"embeddable":true,"href":"https:\/\/www.vaprodcine.com\/index.php\/wp-json\/wp\/v2\/users\/2"}],"replies":[{"embeddable":true,"href":"https:\/\/www.vaprodcine.com\/index.php\/wp-json\/wp\/v2\/comments?post=106"}],"version-history":[{"count":5,"href":"https:\/\/www.vaprodcine.com\/index.php\/wp-json\/wp\/v2\/pages\/106\/revisions"}],"predecessor-version":[{"id":513,"href":"https:\/\/www.vaprodcine.com\/index.php\/wp-json\/wp\/v2\/pages\/106\/revisions\/513"}],"wp:featuredmedia":[{"embeddable":true,"href":"https:\/\/www.vaprodcine.com\/index.php\/wp-json\/wp\/v2\/media\/426"}],"wp:attachment":[{"href":"https:\/\/www.vaprodcine.com\/index.php\/wp-json\/wp\/v2\/media?parent=106"}],"curies":[{"name":"wp","href":"https:\/\/api.w.org\/{rel}","templated":true}]}}