{"id":105,"date":"2015-07-21T09:46:31","date_gmt":"2015-07-21T09:46:31","guid":{"rendered":"http:\/\/demo.themegrill.com\/himalayas\/?page_id=105"},"modified":"2020-08-31T19:40:07","modified_gmt":"2020-08-31T19:40:07","slug":"lutum-allium","status":"publish","type":"page","link":"https:\/\/www.vaprodcine.com\/index.php\/lutum-allium\/","title":{"rendered":"Lutum Allium"},"content":{"rendered":"\n<div style=\"height:20px\" aria-hidden=\"true\" class=\"wp-block-spacer\"><\/div>\n\n\n<p><iframe loading=\"lazy\" src=\"https:\/\/www.youtube.com\/embed\/pMb5T_vewAc\" width=\"1200\" height=\"675\" frameborder=\"0\" allowfullscreen=\"allowfullscreen\"><\/iframe><\/p>\n<h4>Sinopsis<\/h4>\n<p>El proceso de creaci\u00f3n art\u00edstica pasa por momentos de desasosiego e insatisfacci\u00f3n, pero se ve renovado por el impulso creativo. En esta pel\u00edcula el lenguaje de la danza acompa\u00f1a el impulso de una escultora cer\u00e1mica en su proceso art\u00edstico. &nbsp;<\/p>\n\n\n<div style=\"height:20px\" aria-hidden=\"true\" class=\"wp-block-spacer\"><\/div>\n\n\n\n<hr class=\"wp-block-separator\"\/>\n\n\n\n<div style=\"height:20px\" aria-hidden=\"true\" class=\"wp-block-spacer\"><\/div>\n\n\n\n<h4 class=\"wp-block-heading\">Ficha T\u00e9cnica<\/h4>\n\n\n\n<div class=\"wp-block-columns is-layout-flex wp-container-core-columns-is-layout-9d6595d7 wp-block-columns-is-layout-flex\">\n<div class=\"wp-block-column is-layout-flow wp-block-column-is-layout-flow\">\n<p><strong>T\u00edtulo:<\/strong>&nbsp; LUTUM ALLIUM<br><strong>A\u00f1o de producci\u00f3n: <\/strong>2017<br><strong>Duraci\u00f3n:<\/strong> 12\u201950\u201d<br><strong>Color: <\/strong>COLOR<br><strong>Formato de producci\u00f3n: <\/strong>FULL HD<br><strong>Idioma: <\/strong>ESPA\u00d1OL<br><strong>Subt\u00edtulos:<\/strong> INGL\u00c9S<br><strong>G\u00e9nero<\/strong>: DOCUMENTAL ART\u00cdSTICO<br><strong>Direcci\u00f3n: <\/strong>LUIS H.PARDO<br><strong>Productora:<\/strong> VA PROD Y LUPA PROD<br><strong>Producci\u00f3n: <\/strong>MELANY PEREZ SCHOLTHMANN<br><strong>Guion:<\/strong> RAFAELA PAREJA RIBERA<\/p>\n<\/div>\n\n\n\n<div class=\"wp-block-column is-layout-flow wp-block-column-is-layout-flow\">\n<p><strong>Jefa de producci\u00f3n:<\/strong> MELANY PEREZ SCHOLTHMANN<br><strong>M\u00fasica:<\/strong> MELANY PEREZ SCHOLTHMANN, ENRIQUE Y CARLOS GARCIA ARANDA<br><strong>Sonido: <\/strong>ESTEREO<br><strong>Sonido directo: <\/strong>CRISTINA PERSCH Y MELANY PEREZ SCHOLTHMANN<br><strong>Edici\u00f3n: <\/strong>LUIS H.PARDO E ISMAEL L\u00d3PEZ<br><strong>Efectos especiales: <\/strong>MELANY PEREZ SCHOLTHMANN<br><strong>Direcci\u00f3n art\u00edstica: <\/strong>JAVIER MARINA ALDEA<br><strong>Reparto: <\/strong> <br>Actriz: RAFAELA PAREJA RIBERA <br>Bailarines: DORYAN SUAREZ Y DAVID NOVOA <br>Coreograf\u00eda: DORYAN SUAREZ<\/p>\n<\/div>\n<\/div>\n\n\n\n<hr class=\"wp-block-separator\"\/>\n\n\n\n<h4 class=\"wp-block-heading\">Participaci\u00f3n en festivales<\/h4>\n\n\n\n<p>Muestra de Documental Art\u00edstico, Semana de Artesan\u00eda de Catalu\u00f1a, 2019. Barcelona<\/p>\n\n\n\n<div style=\"height:20px\" aria-hidden=\"true\" class=\"wp-block-spacer\"><\/div>\n\n\n\n<hr class=\"wp-block-separator\"\/>\n\n\n\n<figure class=\"wp-block-gallery columns-3 is-cropped wp-block-gallery-1 is-layout-flex wp-block-gallery-is-layout-flex\"><ul class=\"blocks-gallery-grid\"><li class=\"blocks-gallery-item\"><figure><img loading=\"lazy\" decoding=\"async\" width=\"800\" height=\"533\" src=\"https:\/\/www.vaprodcine.com\/wp-content\/uploads\/2020\/08\/LUTUM-ALLIUM4.jpg\" alt=\"\" data-id=\"482\" data-full-url=\"https:\/\/www.vaprodcine.com\/wp-content\/uploads\/2020\/08\/LUTUM-ALLIUM4.jpg\" data-link=\"https:\/\/www.vaprodcine.com\/index.php\/lutum-allium\/lutum-allium4\/\" class=\"wp-image-482\" srcset=\"https:\/\/www.vaprodcine.com\/wp-content\/uploads\/2020\/08\/LUTUM-ALLIUM4.jpg 800w, https:\/\/www.vaprodcine.com\/wp-content\/uploads\/2020\/08\/LUTUM-ALLIUM4-300x200.jpg 300w, https:\/\/www.vaprodcine.com\/wp-content\/uploads\/2020\/08\/LUTUM-ALLIUM4-768x512.jpg 768w\" sizes=\"auto, (max-width: 800px) 100vw, 800px\" \/><\/figure><\/li><li class=\"blocks-gallery-item\"><figure><img loading=\"lazy\" decoding=\"async\" width=\"800\" height=\"533\" src=\"https:\/\/www.vaprodcine.com\/wp-content\/uploads\/2020\/08\/LUTUM-ALLIUM2.jpg\" alt=\"\" data-id=\"480\" data-full-url=\"https:\/\/www.vaprodcine.com\/wp-content\/uploads\/2020\/08\/LUTUM-ALLIUM2.jpg\" data-link=\"https:\/\/www.vaprodcine.com\/index.php\/lutum-allium\/lutum-allium2\/\" class=\"wp-image-480\" srcset=\"https:\/\/www.vaprodcine.com\/wp-content\/uploads\/2020\/08\/LUTUM-ALLIUM2.jpg 800w, https:\/\/www.vaprodcine.com\/wp-content\/uploads\/2020\/08\/LUTUM-ALLIUM2-300x200.jpg 300w, https:\/\/www.vaprodcine.com\/wp-content\/uploads\/2020\/08\/LUTUM-ALLIUM2-768x512.jpg 768w\" sizes=\"auto, (max-width: 800px) 100vw, 800px\" \/><\/figure><\/li><li class=\"blocks-gallery-item\"><figure><img loading=\"lazy\" decoding=\"async\" width=\"400\" height=\"600\" src=\"https:\/\/www.vaprodcine.com\/wp-content\/uploads\/2020\/08\/LUTUM-ALLIUM3.jpg\" alt=\"\" data-id=\"481\" data-full-url=\"https:\/\/www.vaprodcine.com\/wp-content\/uploads\/2020\/08\/LUTUM-ALLIUM3.jpg\" data-link=\"https:\/\/www.vaprodcine.com\/index.php\/lutum-allium\/lutum-allium3\/\" class=\"wp-image-481\" srcset=\"https:\/\/www.vaprodcine.com\/wp-content\/uploads\/2020\/08\/LUTUM-ALLIUM3.jpg 400w, https:\/\/www.vaprodcine.com\/wp-content\/uploads\/2020\/08\/LUTUM-ALLIUM3-200x300.jpg 200w\" sizes=\"auto, (max-width: 400px) 100vw, 400px\" \/><\/figure><\/li><\/ul><\/figure>\n\n\n\n<div style=\"height:20px\" aria-hidden=\"true\" class=\"wp-block-spacer\"><\/div>\n\n\n\n<div class=\"wp-block-group\"><div class=\"wp-block-group__inner-container is-layout-flow wp-block-group-is-layout-flow\">\n<p><\/p>\n<\/div><\/div>\n\n\n\n<p><\/p>\n","protected":false},"excerpt":{"rendered":"<p>Sinopsis El proceso de creaci\u00f3n art\u00edstica pasa por momentos de desasosiego e insatisfacci\u00f3n, pero se ve renovado por el impulso creativo. En esta pel\u00edcula el<\/p>\n","protected":false},"author":2,"featured_media":429,"parent":0,"menu_order":0,"comment_status":"closed","ping_status":"closed","template":"page-templates\/template-portfolio.php","meta":{"footnotes":""},"class_list":["post-105","page","type-page","status-publish","has-post-thumbnail","hentry"],"_links":{"self":[{"href":"https:\/\/www.vaprodcine.com\/index.php\/wp-json\/wp\/v2\/pages\/105","targetHints":{"allow":["GET"]}}],"collection":[{"href":"https:\/\/www.vaprodcine.com\/index.php\/wp-json\/wp\/v2\/pages"}],"about":[{"href":"https:\/\/www.vaprodcine.com\/index.php\/wp-json\/wp\/v2\/types\/page"}],"author":[{"embeddable":true,"href":"https:\/\/www.vaprodcine.com\/index.php\/wp-json\/wp\/v2\/users\/2"}],"replies":[{"embeddable":true,"href":"https:\/\/www.vaprodcine.com\/index.php\/wp-json\/wp\/v2\/comments?post=105"}],"version-history":[{"count":6,"href":"https:\/\/www.vaprodcine.com\/index.php\/wp-json\/wp\/v2\/pages\/105\/revisions"}],"predecessor-version":[{"id":483,"href":"https:\/\/www.vaprodcine.com\/index.php\/wp-json\/wp\/v2\/pages\/105\/revisions\/483"}],"wp:featuredmedia":[{"embeddable":true,"href":"https:\/\/www.vaprodcine.com\/index.php\/wp-json\/wp\/v2\/media\/429"}],"wp:attachment":[{"href":"https:\/\/www.vaprodcine.com\/index.php\/wp-json\/wp\/v2\/media?parent=105"}],"curies":[{"name":"wp","href":"https:\/\/api.w.org\/{rel}","templated":true}]}}