{"id":104,"date":"2015-07-21T09:46:04","date_gmt":"2015-07-21T09:46:04","guid":{"rendered":"http:\/\/demo.themegrill.com\/himalayas\/?page_id=104"},"modified":"2020-08-31T19:26:51","modified_gmt":"2020-08-31T19:26:51","slug":"la-vasija","status":"publish","type":"page","link":"https:\/\/www.vaprodcine.com\/index.php\/la-vasija\/","title":{"rendered":"La Vasija"},"content":{"rendered":"\n<div style=\"height:20px\" aria-hidden=\"true\" class=\"wp-block-spacer\"><\/div>\n\n\n<p><iframe loading=\"lazy\" src=\"https:\/\/www.youtube.com\/embed\/zGD9IHAwKCY\" allowfullscreen=\"allowfullscreen\" width=\"1200\" height=\"600\" frameborder=\"0\"><\/iframe><\/p>\n<h4>Sinopsis<\/h4>\n<p>La vasija, humilde servidora, compa\u00f1era, \u00fatero de barro que acoge en su vientre semillas, agua, fragmentos de vida\u2026y nos cobija, al fin, como morada que regala la \u00faltima caricia\u2026<\/p>\n\n\n<div style=\"height:20px\" aria-hidden=\"true\" class=\"wp-block-spacer\"><\/div>\n\n\n\n<hr class=\"wp-block-separator\"\/>\n\n\n\n<div style=\"height:20px\" aria-hidden=\"true\" class=\"wp-block-spacer\"><\/div>\n\n\n\n<h4 class=\"wp-block-heading\">Ficha T\u00e9cnica<\/h4>\n\n\n\n<div class=\"wp-block-columns is-layout-flex wp-container-core-columns-is-layout-9d6595d7 wp-block-columns-is-layout-flex\">\n<div class=\"wp-block-column is-layout-flow wp-block-column-is-layout-flow\">\n<p><strong>T\u00edtulo:<\/strong>&nbsp; THE VESSEL (LA VASIJA)<br><strong>A\u00f1o de producci\u00f3n: <\/strong>2016<br><strong>Duraci\u00f3n:<\/strong>11\u201933\u2019<br><strong>Color: <\/strong>COLOR<br><strong>Formato de producci\u00f3n: <\/strong>FULL HD<br><strong>Idioma: <\/strong>ESPA\u00d1OL<br><strong>Subt\u00edtulos:<\/strong> INGL\u00c9S<br><strong>G\u00e9nero<\/strong>: DOCUMENTAL ART\u00cdSTICO<br><strong>Direcci\u00f3n: <\/strong>LUIS H.PARDO<br><strong>Productora:<\/strong> VAPROD<br><strong>Producci\u00f3n: <\/strong>MELANY PEREZ SCHOLTHMANN<br><strong>Guion:<\/strong> RAFAELA PAREJA RIBERA<\/p>\n<\/div>\n\n\n\n<div class=\"wp-block-column is-layout-flow wp-block-column-is-layout-flow\">\n<p><strong>Jefa de producci\u00f3n:<\/strong> MELANY PEREZ SCHOLTHMANN<br><strong>M\u00fasica:<\/strong> CRISTINA PERSCH<br><strong>Sonido: <\/strong>ESTEREO<br><strong>Sonido directo: <\/strong>\u00c1LVARO DOM\u00c9NECH<br><strong>Postproducci\u00f3n de sonido:<\/strong> MELANY PEREZ SCHOLTHMANN<br><strong>Edici\u00f3n: <\/strong>LUIS H.PARDO<br><strong>Efectos especiales: <\/strong>MELANY PEREZ SCHOLTHMANN<br><strong>Direcci\u00f3n art\u00edstica: <\/strong>JAVIER MARINA ALDEA<br><strong>Reparto: <\/strong>RAFAELA PAREJA RIBERA<\/p>\n<\/div>\n<\/div>\n\n\n\n<hr class=\"wp-block-separator\"\/>\n\n\n\n<h4>Premios<\/h4>\n\n\n\n<p>Premio del p\u00fablico. Festival FIFMA 2016.Paris<\/p>\n\n\n\n<h4>Participaci\u00f3n en festivales<\/h4>\n\n\n\n<p>Karfta Doc International Film Festival 2017. Dubl\u00edn<\/p>\n\n\n\n<hr class=\"wp-block-separator\"\/>\n\n\n\n<div style=\"height:20px\" aria-hidden=\"true\" class=\"wp-block-spacer\"><\/div>\n\n\n\n<div class=\"wp-block-group\"><div class=\"wp-block-group__inner-container is-layout-flow wp-block-group-is-layout-flow\">\n<figure class=\"wp-block-gallery columns-2 is-cropped wp-block-gallery-1 is-layout-flex wp-block-gallery-is-layout-flex\"><ul class=\"blocks-gallery-grid\"><li class=\"blocks-gallery-item\"><figure><img loading=\"lazy\" decoding=\"async\" width=\"698\" height=\"392\" src=\"https:\/\/www.vaprodcine.com\/wp-content\/uploads\/2020\/08\/vasija1.jpg\" alt=\"\" data-id=\"382\" data-full-url=\"https:\/\/www.vaprodcine.com\/wp-content\/uploads\/2020\/08\/vasija1.jpg\" data-link=\"https:\/\/www.vaprodcine.com\/index.php\/la-vasija\/vasija1\/\" class=\"wp-image-382\" srcset=\"https:\/\/www.vaprodcine.com\/wp-content\/uploads\/2020\/08\/vasija1.jpg 698w, https:\/\/www.vaprodcine.com\/wp-content\/uploads\/2020\/08\/vasija1-300x168.jpg 300w\" sizes=\"auto, (max-width: 698px) 100vw, 698px\" \/><\/figure><\/li><li class=\"blocks-gallery-item\"><figure><img loading=\"lazy\" decoding=\"async\" width=\"700\" height=\"392\" src=\"https:\/\/www.vaprodcine.com\/wp-content\/uploads\/2020\/08\/vasija2.jpg\" alt=\"\" data-id=\"383\" data-full-url=\"https:\/\/www.vaprodcine.com\/wp-content\/uploads\/2020\/08\/vasija2.jpg\" data-link=\"https:\/\/www.vaprodcine.com\/index.php\/la-vasija\/vasija2\/\" class=\"wp-image-383\" srcset=\"https:\/\/www.vaprodcine.com\/wp-content\/uploads\/2020\/08\/vasija2.jpg 700w, https:\/\/www.vaprodcine.com\/wp-content\/uploads\/2020\/08\/vasija2-300x168.jpg 300w\" sizes=\"auto, (max-width: 700px) 100vw, 700px\" \/><\/figure><\/li><\/ul><\/figure>\n\n\n\n<p><\/p>\n<\/div><\/div>\n\n\n\n<p><\/p>\n","protected":false},"excerpt":{"rendered":"<p>Sinopsis La vasija, humilde servidora, compa\u00f1era, \u00fatero de barro que acoge en su vientre semillas, agua, fragmentos de vida\u2026y nos cobija, al fin, como morada<\/p>\n","protected":false},"author":2,"featured_media":383,"parent":0,"menu_order":0,"comment_status":"closed","ping_status":"closed","template":"page-templates\/template-portfolio.php","meta":{"footnotes":""},"class_list":["post-104","page","type-page","status-publish","has-post-thumbnail","hentry"],"_links":{"self":[{"href":"https:\/\/www.vaprodcine.com\/index.php\/wp-json\/wp\/v2\/pages\/104","targetHints":{"allow":["GET"]}}],"collection":[{"href":"https:\/\/www.vaprodcine.com\/index.php\/wp-json\/wp\/v2\/pages"}],"about":[{"href":"https:\/\/www.vaprodcine.com\/index.php\/wp-json\/wp\/v2\/types\/page"}],"author":[{"embeddable":true,"href":"https:\/\/www.vaprodcine.com\/index.php\/wp-json\/wp\/v2\/users\/2"}],"replies":[{"embeddable":true,"href":"https:\/\/www.vaprodcine.com\/index.php\/wp-json\/wp\/v2\/comments?post=104"}],"version-history":[{"count":1,"href":"https:\/\/www.vaprodcine.com\/index.php\/wp-json\/wp\/v2\/pages\/104\/revisions"}],"predecessor-version":[{"id":434,"href":"https:\/\/www.vaprodcine.com\/index.php\/wp-json\/wp\/v2\/pages\/104\/revisions\/434"}],"wp:featuredmedia":[{"embeddable":true,"href":"https:\/\/www.vaprodcine.com\/index.php\/wp-json\/wp\/v2\/media\/383"}],"wp:attachment":[{"href":"https:\/\/www.vaprodcine.com\/index.php\/wp-json\/wp\/v2\/media?parent=104"}],"curies":[{"name":"wp","href":"https:\/\/api.w.org\/{rel}","templated":true}]}}